{"id":81,"date":"2020-07-02T12:37:35","date_gmt":"2020-07-02T10:37:35","guid":{"rendered":"https:\/\/www.latolapsa.com\/?page_id=81"},"modified":"2020-07-02T12:37:35","modified_gmt":"2020-07-02T10:37:35","slug":"par-lapu","status":"publish","type":"page","link":"https:\/\/www.latolapsa.com\/?page_id=81","title":{"rendered":"Par lapu"},"content":{"rendered":"\n<p><p>Lap\u0101 tiks ik pa laikam public\u0113ti dokumenti un inform\u0101cija, kas  attiec\u0101s uz Lato Lapsas kunga publisko attiec\u012bbu biznesa ma\u0161in\u0113riju,  vi\u0146a uz\u0146\u0113mumu PRAE un citiem uz\u0146\u0113mumiem. Bet Lato ta\u010du tikai raksta  gr\u0101matas! Public\u0113tajos e-pasta arh\u012bvos ir redzams, k\u0101 m\u016bsu censonis vada  vair\u0101ku savu uz\u0146\u0113mumu dz\u012bvi visos s\u012bkumos \u201cno malas\u201d. <\/p><\/p>\n\n\n\n<p><p>Mums ir uzkr\u0101ts  iev\u0113rojams apjoms ar datiem, pa laikam public\u0113sim interesant\u0101ko.  Terabaiti datu prasa anal\u012bzi. Interesanti klienti, interesantas lietas.  Ekse\u013ci, e-pasti, kontu izdrukas. <\/p><\/p>\n\n\n\n<p><p>Pat tad, ja ir dzi\u013ci vienaldz\u012bgs m\u016bsu  galvenais varonis, j\u0101atz\u012bst, ir gau\u017e\u0101m interesanti pav\u0113rot \u201cno  iek\u0161puses\u201d k\u0101 tiek veidota(manipul\u0113ta?) sabiedr\u012bbas doma maks\u0101tsp\u0113j\u012bga  klienta vajadz\u012bgaj\u0101 virzien\u0101. Ir politi\u0137i, ir lietas, kuras nez k\u0101p\u0113c Lato sl\u0113pj. <\/p><\/p>\n\n\n\n<p><p>Nav ko sl\u0113pt, jo,  k\u0101 saka pats Lato \u2013 nav kr\u012bzes, ir tikai nepietiekami daudz naudas  ieguld\u012bts \u201ckr\u012bzes mened\u017ement\u0101\u201d. Kuru vi\u0146\u0161 pied\u0101v\u0101 gan baltu, izmantojot  konvencion\u0101las metodes savos uz\u0146emumos, gan melnu, sarakstot vis\u0101dus  izdom\u0101jumus pietiek.com vai k\u0101d\u0101 dai\u013cliterat\u016bras gabal\u0101. Klients  izv\u0113las.<\/p><\/p>\n","protected":false},"excerpt":{"rendered":"<p>Lap\u0101 tiks ik pa laikam public\u0113ti dokumenti un inform\u0101cija, kas attiec\u0101s uz Lato Lapsas kunga publisko attiec\u012bbu biznesa ma\u0161in\u0113riju, vi\u0146a uz\u0146\u0113mumu PRAE un citiem uz\u0146\u0113mumiem. Bet Lato ta\u010du tikai raksta gr\u0101matas! Public\u0113tajos e-pasta arh\u012bvos ir redzams, k\u0101 m\u016bsu censonis vada vair\u0101ku savu uz\u0146\u0113mumu dz\u012bvi visos s\u012bkumos \u201cno malas\u201d. Mums ir uzkr\u0101ts iev\u0113rojams apjoms ar datiem, &hellip; <\/p>\n<p class=\"link-more\"><a href=\"https:\/\/www.latolapsa.com\/?page_id=81\" class=\"more-link\">Turpin\u0101t las\u012bt<span class=\"screen-reader-text\"> &#8220;Par lapu&#8221;<\/span><\/a><\/p>\n","protected":false},"author":1,"featured_media":0,"parent":0,"menu_order":0,"comment_status":"closed","ping_status":"closed","template":"","meta":[],"_links":{"self":[{"href":"https:\/\/www.latolapsa.com\/index.php?rest_route=\/wp\/v2\/pages\/81"}],"collection":[{"href":"https:\/\/www.latolapsa.com\/index.php?rest_route=\/wp\/v2\/pages"}],"about":[{"href":"https:\/\/www.latolapsa.com\/index.php?rest_route=\/wp\/v2\/types\/page"}],"author":[{"embeddable":true,"href":"https:\/\/www.latolapsa.com\/index.php?rest_route=\/wp\/v2\/users\/1"}],"replies":[{"embeddable":true,"href":"https:\/\/www.latolapsa.com\/index.php?rest_route=%2Fwp%2Fv2%2Fcomments&post=81"}],"version-history":[{"count":1,"href":"https:\/\/www.latolapsa.com\/index.php?rest_route=\/wp\/v2\/pages\/81\/revisions"}],"predecessor-version":[{"id":82,"href":"https:\/\/www.latolapsa.com\/index.php?rest_route=\/wp\/v2\/pages\/81\/revisions\/82"}],"wp:attachment":[{"href":"https:\/\/www.latolapsa.com\/index.php?rest_route=%2Fwp%2Fv2%2Fmedia&parent=81"}],"curies":[{"name":"wp","href":"https:\/\/api.w.org\/{rel}","templated":true}]}}